{"id":21321,"date":"2026-02-04T19:26:01","date_gmt":"2026-02-04T18:26:01","guid":{"rendered":"https:\/\/machainecse.com\/?page_id=21321"},"modified":"2026-02-04T20:46:17","modified_gmt":"2026-02-04T19:46:17","slug":"definition-site-vitrine","status":"publish","type":"page","link":"https:\/\/machainecse.com\/index.php\/definition-site-vitrine\/","title":{"rendered":"D\u00e9finition site vitrine"},"content":{"rendered":"<p><div class=\"fusion-fullwidth fullwidth-box fusion-builder-row-1 fusion-flex-container nonhundred-percent-fullwidth non-hundred-percent-height-scrolling\" style=\"background-color: rgba(255,255,255,0);background-position: center center;background-repeat: no-repeat;border-width: 0px 0px 0px 0px;border-color:#eae9e9;border-style:solid;\" ><div class=\"fusion-builder-row fusion-row fusion-flex-align-items-flex-start\" style=\"max-width:1216.8px;margin-left: calc(-4% \/ 2 );margin-right: calc(-4% \/ 2 );\"><div class=\"fusion-layout-column fusion_builder_column fusion-builder-column-0 fusion_builder_column_1_1 1_1 fusion-flex-column\"><div class=\"fusion-column-wrapper fusion-flex-justify-content-flex-start fusion-content-layout-column\" style=\"background-position:left top;background-repeat:no-repeat;-webkit-background-size:cover;-moz-background-size:cover;-o-background-size:cover;background-size:cover;padding: 0px 0px 0px 0px;\"><div style=\"text-align:center;\"><span class=\" fusion-imageframe imageframe-none imageframe-1 hover-type-none\"><img data-recalc-dims=\"1\" decoding=\"async\" width=\"768\" height=\"293\" title=\"strat\u00e9gie-id\u00e9e-gestion-reflechir-choisir-55-1-1-768&#215;293\" src=\"https:\/\/i0.wp.com\/machainecse.com\/wp-content\/uploads\/2026\/02\/strategie-idee-gestion-reflechir-choisir-55-1-1-768x293-1.jpg?resize=768%2C293&#038;ssl=1\" class=\"img-responsive wp-image-21323\" srcset=\"https:\/\/i0.wp.com\/machainecse.com\/wp-content\/uploads\/2026\/02\/strategie-idee-gestion-reflechir-choisir-55-1-1-768x293-1.jpg?resize=200%2C76&amp;ssl=1 200w, https:\/\/i0.wp.com\/machainecse.com\/wp-content\/uploads\/2026\/02\/strategie-idee-gestion-reflechir-choisir-55-1-1-768x293-1.jpg?resize=300%2C114&amp;ssl=1 300w, https:\/\/i0.wp.com\/machainecse.com\/wp-content\/uploads\/2026\/02\/strategie-idee-gestion-reflechir-choisir-55-1-1-768x293-1.jpg?resize=400%2C153&amp;ssl=1 400w, https:\/\/i0.wp.com\/machainecse.com\/wp-content\/uploads\/2026\/02\/strategie-idee-gestion-reflechir-choisir-55-1-1-768x293-1.jpg?resize=500%2C191&amp;ssl=1 500w, https:\/\/i0.wp.com\/machainecse.com\/wp-content\/uploads\/2026\/02\/strategie-idee-gestion-reflechir-choisir-55-1-1-768x293-1.jpg?resize=600%2C229&amp;ssl=1 600w, https:\/\/i0.wp.com\/machainecse.com\/wp-content\/uploads\/2026\/02\/strategie-idee-gestion-reflechir-choisir-55-1-1-768x293-1.jpg?resize=700%2C267&amp;ssl=1 700w, https:\/\/i0.wp.com\/machainecse.com\/wp-content\/uploads\/2026\/02\/strategie-idee-gestion-reflechir-choisir-55-1-1-768x293-1.jpg?fit=768%2C293&amp;ssl=1 768w\" sizes=\"(max-width: 1024px) 100vw, (max-width: 640px) 100vw, 768px\" \/><\/span><\/div><div class=\"fusion-text fusion-text-1\" style=\"margin-top:80px;\"><h2 style=\"text-align: center;\"><span style=\"color: #000000;\"><strong>Le site vitrine\u00a0: C&rsquo;est quoi\u00a0?<\/strong><\/span><\/h2>\n<\/div><\/div><style type=\"text\/css\">.fusion-body .fusion-builder-column-0{width:100% !important;margin-top : 0px;margin-bottom : 0px;}.fusion-builder-column-0 > .fusion-column-wrapper {padding-top : 0px !important;padding-right : 0px !important;margin-right : 1.92%;padding-bottom : 0px !important;padding-left : 0px !important;margin-left : 1.92%;}@media only screen and (max-width:1024px) {.fusion-body .fusion-builder-column-0{width:100% !important;order : 0;}.fusion-builder-column-0 > .fusion-column-wrapper {margin-right : 1.92%;margin-left : 1.92%;}}@media only screen and (max-width:640px) {.fusion-body .fusion-builder-column-0{width:100% !important;order : 0;}.fusion-builder-column-0 > .fusion-column-wrapper {margin-right : 1.92%;margin-left : 1.92%;}}<\/style><\/div><\/div><style type=\"text\/css\">.fusion-body .fusion-flex-container.fusion-builder-row-1{ padding-top : 0px;margin-top : 0px;padding-right : 0px;padding-bottom : 0px;margin-bottom : 0px;padding-left : 0px;}<\/style><\/div><div class=\"fusion-fullwidth fullwidth-box fusion-builder-row-2 fusion-flex-container nonhundred-percent-fullwidth non-hundred-percent-height-scrolling\" style=\"background-color: rgba(255,255,255,0);background-position: center center;background-repeat: no-repeat;border-width: 0px 0px 0px 0px;border-color:#eae9e9;border-style:solid;\" ><div class=\"fusion-builder-row fusion-row fusion-flex-align-items-flex-start\" style=\"max-width:1216.8px;margin-left: calc(-4% \/ 2 );margin-right: calc(-4% \/ 2 );\"><div class=\"fusion-layout-column fusion_builder_column fusion-builder-column-1 fusion_builder_column_1_1 1_1 fusion-flex-column\"><div class=\"fusion-column-wrapper fusion-flex-justify-content-flex-start fusion-content-layout-column\" style=\"background-position:left top;background-repeat:no-repeat;-webkit-background-size:cover;-moz-background-size:cover;-o-background-size:cover;background-size:cover;padding: 0px 0px 0px 0px;\"><div class=\"fusion-text fusion-text-2\" style=\"text-align:center;margin-top:50px;\"><h2 class=\"h2 h2-bulleted\" style=\"text-align: center;\"><span style=\"color: #ff6600;\">Introduction<\/span><\/h2>\n<div>\n<h4 lang=\"fr-FR\" style=\"text-align: center;\"><strong><span style=\"color: #000000;\"><i>Il existe plusieurs types de sites internet qu\u2019une entreprise peut mettre en place pour d\u00e9velopper son activit\u00e9.<br \/>\n<\/i><i>Le site vitrine est un bon moyen pour faire conna\u00eetre sa marque sur le web. Mais en quoi cela consiste\u00a0?<\/i><\/span><\/strong><\/h4>\n<\/div>\n<\/div><\/div><style type=\"text\/css\">.fusion-body .fusion-builder-column-1{width:100% !important;margin-top : 0px;margin-bottom : 0px;}.fusion-builder-column-1 > .fusion-column-wrapper {padding-top : 0px !important;padding-right : 0px !important;margin-right : 1.92%;padding-bottom : 0px !important;padding-left : 0px !important;margin-left : 1.92%;}@media only screen and (max-width:1024px) {.fusion-body .fusion-builder-column-1{width:100% !important;order : 0;}.fusion-builder-column-1 > .fusion-column-wrapper {margin-right : 1.92%;margin-left : 1.92%;}}@media only screen and (max-width:640px) {.fusion-body .fusion-builder-column-1{width:100% !important;order : 0;}.fusion-builder-column-1 > .fusion-column-wrapper {margin-right : 1.92%;margin-left : 1.92%;}}<\/style><\/div><\/div><style type=\"text\/css\">.fusion-body .fusion-flex-container.fusion-builder-row-2{ padding-top : 0px;margin-top : 0px;padding-right : 0px;padding-bottom : 0px;margin-bottom : 0px;padding-left : 0px;}<\/style><\/div><div class=\"fusion-fullwidth fullwidth-box fusion-builder-row-3 fusion-flex-container nonhundred-percent-fullwidth non-hundred-percent-height-scrolling\" style=\"background-color: rgba(255,255,255,0);background-position: center center;background-repeat: no-repeat;border-width: 0px 0px 0px 0px;border-color:#eae9e9;border-style:solid;\" ><div class=\"fusion-builder-row fusion-row fusion-flex-align-items-flex-start\" style=\"max-width:1216.8px;margin-left: calc(-4% \/ 2 );margin-right: calc(-4% \/ 2 );\"><div class=\"fusion-layout-column fusion_builder_column fusion-builder-column-2 fusion_builder_column_1_1 1_1 fusion-flex-column\"><div class=\"fusion-column-wrapper fusion-flex-justify-content-flex-start fusion-content-layout-column\" style=\"background-position:left top;background-repeat:no-repeat;-webkit-background-size:cover;-moz-background-size:cover;-o-background-size:cover;background-size:cover;padding: 0px 0px 0px 0px;\"><div class=\"fusion-text fusion-text-3\" style=\"text-align:center;margin-top:30px;\"><h2 id=\"le-site-vitrine-quest-ce-que-cest\" class=\"wp-block-heading\" style=\"text-align: center;\"><strong><span style=\"color: #ff6600;\">Le site vitrine, qu\u2019est-ce que c\u2019est\u00a0?<\/span><\/strong><\/h2>\n<h4 style=\"text-align: center;\"><strong><span style=\"color: #000000;\">Le site vitrine consiste \u00e0 cr\u00e9er un site internet faisant la promotion d\u2019un produit, d\u2019un service ou d\u2019une marque. Le site vitrine n\u2019est pas un site marchand, son objectif est de faire conna\u00eetre une offre, ou une entreprise afin d\u2019\u00e9largir sa base client\u00e8le. La vente du produit ou service se fera via un autre site ou canal de distribution, comme un site e-commerce par exemple.<\/span><\/strong><\/h4>\n<h4 style=\"text-align: center;\"><strong><span style=\"color: #000000;\">Le site vitrine est comparable \u00e0 une carte de visite sur internet. Un site vitrine est g\u00e9n\u00e9ralement claire et relativement \u00e9pur\u00e9. Les informations contenues vont droit \u00e0 l\u2019essentiel et ont un ton promotionnel, il faut que les internautes retiennent facilement votre marque et ses valeurs. L\u2019aspect graphique d\u2019un site vitrine est primordial, les couleurs, le logo et l\u2019ensemble des codes visuels de la marque doivent y figurer.<\/span><\/strong><\/h4>\n<\/div><\/div><style type=\"text\/css\">.fusion-body .fusion-builder-column-2{width:100% !important;margin-top : 0px;margin-bottom : 0px;}.fusion-builder-column-2 > .fusion-column-wrapper {padding-top : 0px !important;padding-right : 0px !important;margin-right : 1.92%;padding-bottom : 0px !important;padding-left : 0px !important;margin-left : 1.92%;}@media only screen and (max-width:1024px) {.fusion-body .fusion-builder-column-2{width:100% !important;order : 0;}.fusion-builder-column-2 > .fusion-column-wrapper {margin-right : 1.92%;margin-left : 1.92%;}}@media only screen and (max-width:640px) {.fusion-body .fusion-builder-column-2{width:100% !important;order : 0;}.fusion-builder-column-2 > .fusion-column-wrapper {margin-right : 1.92%;margin-left : 1.92%;}}<\/style><\/div><\/div><style type=\"text\/css\">.fusion-body .fusion-flex-container.fusion-builder-row-3{ padding-top : 0px;margin-top : 0px;padding-right : 0px;padding-bottom : 0px;margin-bottom : 0px;padding-left : 0px;}<\/style><\/div><div class=\"fusion-fullwidth fullwidth-box fusion-builder-row-4 fusion-flex-container nonhundred-percent-fullwidth non-hundred-percent-height-scrolling\" style=\"background-color: rgba(255,255,255,0);background-position: center center;background-repeat: no-repeat;border-width: 0px 0px 0px 0px;border-color:#eae9e9;border-style:solid;\" ><div class=\"fusion-builder-row fusion-row fusion-flex-align-items-flex-start\" style=\"max-width:1216.8px;margin-left: calc(-4% \/ 2 );margin-right: calc(-4% \/ 2 );\"><div class=\"fusion-layout-column fusion_builder_column fusion-builder-column-3 fusion_builder_column_1_1 1_1 fusion-flex-column\"><div class=\"fusion-column-wrapper fusion-flex-justify-content-flex-start fusion-content-layout-column\" style=\"background-position:left top;background-repeat:no-repeat;-webkit-background-size:cover;-moz-background-size:cover;-o-background-size:cover;background-size:cover;padding: 0px 0px 0px 0px;\"><div class=\"fusion-text fusion-text-4\" style=\"text-align:center;margin-top:30px;\"><h2 id=\"le-site-vitrine-produit-ou-service\" class=\"wp-block-heading\" style=\"text-align: center;\"><strong><span style=\"color: #ff6600;\">Le site vitrine produit ou service<\/span><\/strong><\/h2>\n<h4 style=\"text-align: center;\"><strong><span style=\"color: #000000;\">Ce type de site vitrine sert \u00e0 faire la promotion d\u2019un produit ou service. De mani\u00e8re g\u00e9n\u00e9rale, un site vitrine se focalise sur la mise en avant d\u2019une seule offre. Consacrer un site internet pour une seule offre permet de v\u00e9ritablement mettre en valeur la diff\u00e9renciation de l\u2019offre, son avantage concurrentiel, tout en travaillant un habillage graphique d\u00e9di\u00e9 \u00e0 ce produit ou service.<\/span><\/strong><\/h4>\n<h4 style=\"text-align: center;\"><strong><span style=\"color: #000000;\">Il est possible de pr\u00e9senter plusieurs produits au sein d\u2019un site vitrine. Le site prend alors la forme d\u2019un catalogue en ligne qui r\u00e9pertorie les offres de l\u2019entreprise. L\u2019internaute devra cependant se rediriger vers un canal de distribution s\u2019il souhaite acheter.<\/span><\/strong><\/h4>\n<\/div><\/div><style type=\"text\/css\">.fusion-body .fusion-builder-column-3{width:100% !important;margin-top : 0px;margin-bottom : 0px;}.fusion-builder-column-3 > .fusion-column-wrapper {padding-top : 0px !important;padding-right : 0px !important;margin-right : 1.92%;padding-bottom : 0px !important;padding-left : 0px !important;margin-left : 1.92%;}@media only screen and (max-width:1024px) {.fusion-body .fusion-builder-column-3{width:100% !important;order : 0;}.fusion-builder-column-3 > .fusion-column-wrapper {margin-right : 1.92%;margin-left : 1.92%;}}@media only screen and (max-width:640px) {.fusion-body .fusion-builder-column-3{width:100% !important;order : 0;}.fusion-builder-column-3 > .fusion-column-wrapper {margin-right : 1.92%;margin-left : 1.92%;}}<\/style><\/div><\/div><style type=\"text\/css\">.fusion-body .fusion-flex-container.fusion-builder-row-4{ padding-top : 0px;margin-top : 0px;padding-right : 0px;padding-bottom : 0px;margin-bottom : 0px;padding-left : 0px;}<\/style><\/div><div class=\"fusion-fullwidth fullwidth-box fusion-builder-row-5 fusion-flex-container nonhundred-percent-fullwidth non-hundred-percent-height-scrolling\" style=\"background-color: rgba(255,255,255,0);background-position: center center;background-repeat: no-repeat;border-width: 0px 0px 0px 0px;border-color:#eae9e9;border-style:solid;\" ><div class=\"fusion-builder-row fusion-row fusion-flex-align-items-flex-start\" style=\"max-width:1216.8px;margin-left: calc(-4% \/ 2 );margin-right: calc(-4% \/ 2 );\"><div class=\"fusion-layout-column fusion_builder_column fusion-builder-column-4 fusion_builder_column_1_1 1_1 fusion-flex-column\"><div class=\"fusion-column-wrapper fusion-flex-justify-content-flex-start fusion-content-layout-column\" style=\"background-position:left top;background-repeat:no-repeat;-webkit-background-size:cover;-moz-background-size:cover;-o-background-size:cover;background-size:cover;padding: 0px 0px 0px 0px;\"><div class=\"fusion-text fusion-text-5\" style=\"text-align:center;margin-top:30px;\"><h2 id=\"pourquoi-creer-un-site-vitrine\" class=\"wp-block-heading\" style=\"text-align: center;\"><strong><span style=\"color: #ff6600;\">Pourquoi cr\u00e9er un site vitrine ?<\/span><\/strong><\/h2>\n<h4 style=\"text-align: center;\"><strong><span style=\"color: #000000;\">Le premier objectif d\u2019un site vitrine est d\u2019attirer de nouveaux clients sur internet. Quelle que soit l\u2019activit\u00e9 de l\u2019entreprise, avoir une pr\u00e9sence sur le web est indispensable pour faire la promotion d\u2019une offre et faire conna\u00eetre la marque. Internet ne dispose pas de fronti\u00e8res g\u00e9ographiques, ce qui peut permettre \u00e0 bon nombre d\u2019internautes de d\u00e9couvrir une marque sans \u00eatre dans la zone de chalandise de l\u2019activit\u00e9.<\/span><\/strong><\/h4>\n<h4 style=\"text-align: center;\"><strong><span style=\"color: #000000;\">Le but du site vitrine est d\u2019am\u00e9liorer sa visibilit\u00e9 sur internet, il peut s\u2019av\u00e9rer \u00eatre un levier d\u2019acquisition du web marketing relativement puissant.<\/span><\/strong><\/h4>\n<\/div><\/div><style type=\"text\/css\">.fusion-body .fusion-builder-column-4{width:100% !important;margin-top : 0px;margin-bottom : 0px;}.fusion-builder-column-4 > .fusion-column-wrapper {padding-top : 0px !important;padding-right : 0px !important;margin-right : 1.92%;padding-bottom : 0px !important;padding-left : 0px !important;margin-left : 1.92%;}@media only screen and (max-width:1024px) {.fusion-body .fusion-builder-column-4{width:100% !important;order : 0;}.fusion-builder-column-4 > .fusion-column-wrapper {margin-right : 1.92%;margin-left : 1.92%;}}@media only screen and (max-width:640px) {.fusion-body .fusion-builder-column-4{width:100% !important;order : 0;}.fusion-builder-column-4 > .fusion-column-wrapper {margin-right : 1.92%;margin-left : 1.92%;}}<\/style><\/div><\/div><style type=\"text\/css\">.fusion-body .fusion-flex-container.fusion-builder-row-5{ padding-top : 0px;margin-top : 0px;padding-right : 0px;padding-bottom : 0px;margin-bottom : 0px;padding-left : 0px;}<\/style><\/div><div class=\"fusion-fullwidth fullwidth-box fusion-builder-row-6 fusion-flex-container nonhundred-percent-fullwidth non-hundred-percent-height-scrolling\" style=\"background-color: rgba(255,255,255,0);background-position: center center;background-repeat: no-repeat;border-width: 0px 0px 0px 0px;border-color:#eae9e9;border-style:solid;\" ><div class=\"fusion-builder-row fusion-row fusion-flex-align-items-flex-start\" style=\"max-width:1216.8px;margin-left: calc(-4% \/ 2 );margin-right: calc(-4% \/ 2 );\"><div class=\"fusion-layout-column fusion_builder_column fusion-builder-column-5 fusion_builder_column_1_1 1_1 fusion-flex-column\"><div class=\"fusion-column-wrapper fusion-flex-justify-content-flex-start fusion-content-layout-column\" style=\"background-position:left top;background-repeat:no-repeat;-webkit-background-size:cover;-moz-background-size:cover;-o-background-size:cover;background-size:cover;padding: 0px 0px 0px 0px;\"><div class=\"fusion-text fusion-text-6\" style=\"text-align:center;margin-top:30px;\"><h2 style=\"text-align: center;\"><strong><span style=\"color: #ff6600;\">Le site vitrine\u00a0: Avantages et inconv\u00e9nients<\/span><\/strong><\/h2>\n<h4 style=\"text-align: center;\"><strong><span style=\"color: #000000;\">Les principaux avantages de la mise en place d\u2019un site vitrine sont\u00a0:<\/span><\/strong><\/h4>\n<ul class=\"wp-block-list\" style=\"text-align: center;\">\n<li>\n<h4><strong><span style=\"color: #000000;\">Augmenter sa visibilit\u00e9 sur le web et profiter du trafic internet pour promouvoir sa marque.<\/span><\/strong><\/h4>\n<\/li>\n<li>\n<h4><strong><span style=\"color: #000000;\">\u00c9largir sa base client\u00e8le et atteindre de nouveaux prospects, sans \u00eatre g\u00e9ographiquement limit\u00e9 par sa zone de chalandise.<\/span><\/strong><\/h4>\n<\/li>\n<li>\n<h4><strong><span style=\"color: #000000;\">Moins co\u00fbteux \u00e0 mettre en place qu\u2019un site marchand. Parfois aussi moins cher qu\u2019une campagne marketing traditionnelle <\/span><\/strong><\/h4>\n<h4><strong><span style=\"color: #000000;\">(affichages publicitaires, flyers\u2026).<\/span><\/strong><\/h4>\n<\/li>\n<\/ul>\n<h4 style=\"text-align: center;\"><strong><span style=\"color: #000000;\">Les inconv\u00e9nients d\u2019un site vitrine sont\u00a0:<\/span><\/strong><\/h4>\n<ul class=\"wp-block-list\">\n<li style=\"text-align: center;\">\n<h4><strong><span style=\"color: #000000;\">Il s\u2019agit d\u2019un canal de communication et non de distribution. Le site vitrine ne permet pas de vendre<br \/>\n(sinon on parle de site e-commerce).<\/span><\/strong><\/h4>\n<\/li>\n<li style=\"text-align: center;\">\n<h4><strong><span style=\"color: #000000;\">Peut d\u00e9livrer des informations sensibles \u00e0 la concurrence, comme une diff\u00e9renciation produit sur laquelle<br \/>\nles concurrents pourraient se positionner.<\/span><\/strong><\/h4>\n<\/li>\n<\/ul>\n<\/div><\/div><style type=\"text\/css\">.fusion-body .fusion-builder-column-5{width:100% !important;margin-top : 0px;margin-bottom : 0px;}.fusion-builder-column-5 > .fusion-column-wrapper {padding-top : 0px !important;padding-right : 0px !important;margin-right : 1.92%;padding-bottom : 0px !important;padding-left : 0px !important;margin-left : 1.92%;}@media only screen and (max-width:1024px) {.fusion-body .fusion-builder-column-5{width:100% !important;order : 0;}.fusion-builder-column-5 > .fusion-column-wrapper {margin-right : 1.92%;margin-left : 1.92%;}}@media only screen and (max-width:640px) {.fusion-body .fusion-builder-column-5{width:100% !important;order : 0;}.fusion-builder-column-5 > .fusion-column-wrapper {margin-right : 1.92%;margin-left : 1.92%;}}<\/style><\/div><\/div><style type=\"text\/css\">.fusion-body .fusion-flex-container.fusion-builder-row-6{ padding-top : 0px;margin-top : 0px;padding-right : 0px;padding-bottom : 0px;margin-bottom : 0px;padding-left : 0px;}<\/style><\/div><\/p>\n","protected":false},"excerpt":{"rendered":"","protected":false},"author":1,"featured_media":0,"parent":0,"menu_order":0,"comment_status":"closed","ping_status":"closed","template":"","meta":{"footnotes":""},"class_list":["post-21321","page","type-page","status-publish","hentry"],"jetpack_sharing_enabled":true,"_links":{"self":[{"href":"https:\/\/machainecse.com\/index.php\/wp-json\/wp\/v2\/pages\/21321","targetHints":{"allow":["GET"]}}],"collection":[{"href":"https:\/\/machainecse.com\/index.php\/wp-json\/wp\/v2\/pages"}],"about":[{"href":"https:\/\/machainecse.com\/index.php\/wp-json\/wp\/v2\/types\/page"}],"author":[{"embeddable":true,"href":"https:\/\/machainecse.com\/index.php\/wp-json\/wp\/v2\/users\/1"}],"replies":[{"embeddable":true,"href":"https:\/\/machainecse.com\/index.php\/wp-json\/wp\/v2\/comments?post=21321"}],"version-history":[{"count":5,"href":"https:\/\/machainecse.com\/index.php\/wp-json\/wp\/v2\/pages\/21321\/revisions"}],"predecessor-version":[{"id":21328,"href":"https:\/\/machainecse.com\/index.php\/wp-json\/wp\/v2\/pages\/21321\/revisions\/21328"}],"wp:attachment":[{"href":"https:\/\/machainecse.com\/index.php\/wp-json\/wp\/v2\/media?parent=21321"}],"curies":[{"name":"wp","href":"https:\/\/api.w.org\/{rel}","templated":true}]}}